{"id":35,"date":"2019-11-14T12:13:11","date_gmt":"2019-11-14T11:13:11","guid":{"rendered":"http:\/\/localhost\/wordpress\/?page_id=33"},"modified":"2021-11-03T15:26:38","modified_gmt":"2021-11-03T14:26:38","slug":"nos-evenements","status":"publish","type":"page","link":"https:\/\/www.of-x.fr\/site\/nos-evenements\/","title":{"rendered":"Nos \u00e9v\u00e9nements"},"content":{"rendered":"\t\t<div data-elementor-type=\"wp-page\" data-elementor-id=\"35\" class=\"elementor elementor-35\">\n\t\t\t\t\t\t<section class=\"elementor-section elementor-top-section elementor-element elementor-element-79e97f6a elementor-section-boxed elementor-section-height-default elementor-section-height-default\" data-id=\"79e97f6a\" data-element_type=\"section\" data-e-type=\"section\">\n\t\t\t\t\t\t<div class=\"elementor-container elementor-column-gap-default\">\n\t\t\t\t\t<div class=\"elementor-column elementor-col-100 elementor-top-column elementor-element elementor-element-76e34638\" data-id=\"76e34638\" data-element_type=\"column\" data-e-type=\"column\">\n\t\t\t<div class=\"elementor-widget-wrap elementor-element-populated\">\n\t\t\t\t\t\t<div class=\"elementor-element elementor-element-4a62337 elementor-widget elementor-widget-heading\" data-id=\"4a62337\" data-element_type=\"widget\" data-e-type=\"widget\" data-widget_type=\"heading.default\">\n\t\t\t\t<div class=\"elementor-widget-container\">\n\t\t\t\t\t<h2 class=\"elementor-heading-title elementor-size-default\">Les \u00e9v\u00e9nements auxquels nous avons particip\u00e9<\/h2>\t\t\t\t<\/div>\n\t\t\t\t<\/div>\n\t\t\t\t<div class=\"elementor-element elementor-element-6bc715da elementor-widget elementor-widget-text-editor\" data-id=\"6bc715da\" data-element_type=\"widget\" data-e-type=\"widget\" data-widget_type=\"text-editor.default\">\n\t\t\t\t<div class=\"elementor-widget-container\">\n\t\t\t\t\t\t\t\t\t<p><\/p>\n<p><a href=\"https:\/\/www.adidas10kparis.fr\/fr\" target=\"_blank\" rel=\"noreferrer noopener\">10 km de PARIS<\/a>\u00a0<\/p>\n<p><\/p>\n<p><a href=\"http:\/\/www.sport.be\/driedaagse\/2018\/nl\/\" target=\"_blank\" rel=\"noreferrer noopener\">3 JOURS DE LA PANNE<\/a>\u00a0<\/p>\n<p><\/p>\n<p><a href=\"https:\/\/www.4joursdedunkerque.com\/\" target=\"_blank\" rel=\"noreferrer noopener\">4 JOURS DE DUNKERQUE<\/a>\u00a0\u00a0<\/p>\n<p><\/p>\n<h4 class=\"wp-block-heading\">A<\/h4>\n<p><\/p>\n<p><a href=\"https:\/\/www.arctic-race-of-norway.com\">ARTIC RACE OF NORWAY<\/a><\/p>\n<p><\/p>\n<h4 class=\"wp-block-heading\">B<\/h4>\n<p><\/p>\n<p><a href=\"http:\/\/www.sport.be\/baloisebelgiumtour\/\" target=\"_blank\" rel=\"noreferrer noopener\">Baloise Belgium Tour<\/a>\u00a0<\/p>\n<p><\/p>\n<p><a href=\"https:\/\/www.binck.nl\/binckbanktour\" target=\"_blank\" rel=\"noreferrer noopener\">BinckBank Tour\/Eneco Tour\/Tour du Benelux<\/a>\u00a0<\/p>\n<p><\/p>\n<p><a href=\"http:\/\/www.bouclesdelamarne.com\/\" target=\"_blank\" rel=\"noreferrer noopener\">Boucles de la Marne<\/a>\u00a0<\/p>\n<p><\/p>\n<h4 class=\"wp-block-heading\"><strong>C<\/strong><\/h4>\n<p><\/p>\n<p>Championnats de France Cross Country Militaire \u00e0 La Valbonne<\/p>\n<p>CHAMPIONNATS DE FRANCE VTT MILITAIRES<\/p>\n<p>Championnats d&rsquo;Europe WaterPolo U23<\/p>\n<p><a href=\"http:\/\/www.sarthe.fr\/circuit-cycliste-sarthe-pays-de-la-loire\" target=\"_blank\" rel=\"noreferrer noopener\">Circuit de la Sarthe et des Pays de la Loire<\/a>\u00a0<\/p>\n<p>CIRCUIT DE LORRAINE PROFESSIONNEL<\/p>\n<p><a href=\"http:\/\/www.circuitdesardennes.fr\/\">CIRCUIT DES ARDENNES<\/a><\/p>\n<p>CRITERIUM INTERNATIONAL<\/p>\n<p><\/p>\n<h4 class=\"wp-block-heading\"><strong>D<\/strong><\/h4>\n<p><\/p>\n<p><a href=\"https:\/\/www.deutschland-tour.com\/de\/home\">DEUTSCHLAND TOUR<\/a><\/p>\n<p><\/p>\n<h4 class=\"wp-block-heading\"><strong>F<\/strong><\/h4>\n<p><\/p>\n<p>FINALE DU CHALLENGE SUR ROUTE JUNIOR<\/p>\n<p><\/p>\n<h4 class=\"wp-block-heading\"><strong>G<\/strong><\/h4>\n<p><\/p>\n<p>Grand Prix de Insubria &#8211; ITALIE \u00a0<\/p>\n<p><a href=\"https:\/\/www.promotion-sport-picardie.com\/\" target=\"_blank\" rel=\"noreferrer noopener\">Grand Prix de la Somme<\/a><\/p>\n<p>Grand Prix de Lugano &#8211; SUISSE<\/p>\n<p><\/p>\n<h4 class=\"wp-block-heading\"><strong>L<\/strong><\/h4>\n<p><\/p>\n<p>Ladies TOUR OF QATAR<\/p>\n<p>LA FLECHE D&rsquo;EMERAUDE<\/p>\n<p>La Ronde de l&rsquo;Oise<span style=\"font-weight: var( --e-global-typography-text-font-weight ); font-size: 1.3rem;\">\u00a0<\/span><\/p>\n<p><\/p>\n<h4 class=\"wp-block-heading\"><strong>M<\/strong><\/h4>\n<p><\/p>\n<p><a href=\"http:\/\/www.marenostrumswimming.com\/articles-3\/3-9-actualites-news\/\" target=\"_blank\" rel=\"noreferrer noopener\">MARE NOSTRUM au Canet en Roussilon<\/a>\u00a0<\/p>\n<p><\/p>\n<h4 class=\"wp-block-heading\"><strong>R<\/strong><\/h4>\n<p><\/p>\n<p><a href=\"http:\/\/www.rocazur.com\/\" target=\"_blank\" rel=\"noreferrer noopener\">Roc d&rsquo;AZUR<\/a>\u00a0<\/p>\n<p><\/p>\n<p><a href=\"https:\/\/www.runinmarseille.com\/fr\" target=\"_blank\" rel=\"noreferrer noopener\">Run in Marseille<\/a>\u00a0<\/p>\n<p><\/p>\n<p><a href=\"http:\/\/www.runinreims.com\/fr\" target=\"_blank\" rel=\"noreferrer noopener\">Run in Reims<\/a> \u00a0<\/p>\n<p><\/p>\n<h4 class=\"wp-block-heading\"><strong>S<\/strong><\/h4>\n<p><\/p>\n<p><a href=\"http:\/\/www.fitbitsemideparis.com\/\" target=\"_blank\" rel=\"noreferrer noopener\">SEMI-MARATHON DE PARIS<\/a>\u00a0<\/p>\n<p><a href=\"https:\/\/www.superprestigecyclocross.be\/\" target=\"_blank\" rel=\"noreferrer noopener\">SUPERPRESTIGE Cyclocross<\/a>\u00a0<\/p>\n<p><a href=\"https:\/\/www.superprestigediegem.be\/\" target=\"_blank\" rel=\"noreferrer noopener\">SUPERPRESTIGE Cyclocross DIEGEM<\/a><\/p>\n<p><a href=\"http:\/\/www.cyclocrossgavere.be\/\" target=\"_blank\" rel=\"noreferrer noopener\">SUPERPRESTIGE Cyclocross GAVERE ASPER<\/a>\u00a0<\/p>\n<p><a href=\"http:\/\/www.cyclocrossgieten.nl\/\" target=\"_blank\" rel=\"noreferrer noopener\">SUPERPRESTIGE Cyclocross GIETEN<\/a>\u00a0<\/p>\n<p><a href=\"https:\/\/www.cyclocrosshoogstraten.be\/\" target=\"_blank\" rel=\"noreferrer noopener\">SUPERPRESTIGE Cyclocross HOOGSTRATEN<\/a>\u00a0<\/p>\n<p>SUPERPRESTIGE Cyclocross MIDDELKERKE<\/p>\n<p><a href=\"http:\/\/www.cyclocrossruddervoorde.be\/\" target=\"_blank\" rel=\"noreferrer noopener\">SUPERPRESTIGE Cyclocross RUDDERVOORDE<\/a>\u00a0<\/p>\n<p><a href=\"http:\/\/www.superprestigezonhoven.be\/\" target=\"_blank\" rel=\"noreferrer noopener\">SUPERPRESTIGE Cyclocross ZONHOVEN<\/a>\u00a0<\/p>\n<p><\/p>\n<h4 class=\"wp-block-heading\"><strong>T<\/strong><\/h4>\n<p><\/p>\n<p><a href=\"https:\/\/www.touralsace.fr\/\">TOUR D&rsquo;ALSACE<\/a><\/p>\n<p><\/p>\n<p>TOUR DE CROATIE<\/p>\n<p><a href=\"https:\/\/www.tourdelavenir.com\/\" target=\"_blank\" rel=\"noreferrer noopener\">TOUR DE L&rsquo;AVENIR<\/a>\u00a0<\/p>\n<p>TOUR DE PICARDIE<\/p>\n<p><\/p>\n<p><a href=\"https:\/\/tourofslovenia.si\/en\" target=\"_blank\" rel=\"noreferrer noopener\">TOUR DE SLOV\u00c9NIE<\/a>\u00a0<\/p>\n<p><a href=\"http:\/\/www.trworg.be\/tw\/\" target=\"_blank\" rel=\"noreferrer noopener\">TOUR DE WALLONIE<\/a>\u00a0<\/p>\n<p><a href=\"https:\/\/www.tour-de-yorkshire.co.uk\/fr\" target=\"_blank\" rel=\"noreferrer noopener\">TOUR DE YORKSHIRE<\/a>\u00a0<\/p>\n<p><a href=\"https:\/\/www.tour-de-yorkshire-women.co.uk\/fr\/\" target=\"_blank\" rel=\"noreferrer noopener\">TOUR DE YORKSHIRE Women&rsquo;s Race<\/a>\u00a0<\/p>\n<p>Tour of Bejing<\/p>\n<p>TOUR OF QATAR<\/p>\n<p><a href=\"https:\/\/www.tour-of-oman.com\/fr\" target=\"_blank\" rel=\"noreferrer noopener\">TOUR OF OMAN<\/a>\u00a0<\/p>\n<p><a href=\"http:\/\/www.tropheecentremorbihan.fr\/\" target=\"_blank\" rel=\"noreferrer noopener\">TROPH\u00c9E CENTRE MORBIHAN<\/a>\u00a0<\/p>\n<p><\/p>\t\t\t\t\t\t\t\t<\/div>\n\t\t\t\t<\/div>\n\t\t\t\t\t<\/div>\n\t\t<\/div>\n\t\t\t\t\t<\/div>\n\t\t<\/section>\n\t\t\t\t<section class=\"elementor-section elementor-top-section elementor-element elementor-element-1786bb0 elementor-section-boxed elementor-section-height-default elementor-section-height-default\" data-id=\"1786bb0\" data-element_type=\"section\" data-e-type=\"section\">\n\t\t\t\t\t\t<div class=\"elementor-container elementor-column-gap-default\">\n\t\t\t\t\t<div class=\"elementor-column elementor-col-100 elementor-top-column elementor-element elementor-element-709a839\" data-id=\"709a839\" data-element_type=\"column\" data-e-type=\"column\">\n\t\t\t<div class=\"elementor-widget-wrap elementor-element-populated\">\n\t\t\t\t\t\t<div class=\"elementor-element elementor-element-e6b7910 elementor-widget elementor-widget-spacer\" data-id=\"e6b7910\" data-element_type=\"widget\" data-e-type=\"widget\" data-widget_type=\"spacer.default\">\n\t\t\t\t<div class=\"elementor-widget-container\">\n\t\t\t\t\t\t\t<div class=\"elementor-spacer\">\n\t\t\t<div class=\"elementor-spacer-inner\"><\/div>\n\t\t<\/div>\n\t\t\t\t\t\t<\/div>\n\t\t\t\t<\/div>\n\t\t\t\t\t<\/div>\n\t\t<\/div>\n\t\t\t\t\t<\/div>\n\t\t<\/section>\n\t\t\t\t<section class=\"elementor-section elementor-top-section elementor-element elementor-element-b0bc239 elementor-section-boxed elementor-section-height-default elementor-section-height-default\" data-id=\"b0bc239\" data-element_type=\"section\" data-e-type=\"section\">\n\t\t\t\t\t\t<div class=\"elementor-container elementor-column-gap-default\">\n\t\t\t\t\t<div class=\"elementor-column elementor-col-100 elementor-top-column elementor-element elementor-element-5b1a1ba\" data-id=\"5b1a1ba\" data-element_type=\"column\" data-e-type=\"column\">\n\t\t\t<div class=\"elementor-widget-wrap elementor-element-populated\">\n\t\t\t\t\t\t<div class=\"elementor-element elementor-element-c4dc205 elementor-shape-circle elementor-widget__width-initial elementor-absolute elementor-grid-0 e-grid-align-center elementor-widget elementor-widget-social-icons\" data-id=\"c4dc205\" data-element_type=\"widget\" data-e-type=\"widget\" data-settings=\"{&quot;_position&quot;:&quot;absolute&quot;}\" data-widget_type=\"social-icons.default\">\n\t\t\t\t<div class=\"elementor-widget-container\">\n\t\t\t\t\t\t\t<div class=\"elementor-social-icons-wrapper elementor-grid\" role=\"list\">\n\t\t\t\t\t\t\t<span class=\"elementor-grid-item\" role=\"listitem\">\n\t\t\t\t\t<a class=\"elementor-icon elementor-social-icon elementor-social-icon-instagram elementor-animation-pulse elementor-repeater-item-872baa1\" href=\"https:\/\/www.instagram.com\/societe_ofx\/\" target=\"_blank\">\n\t\t\t\t\t\t<span class=\"elementor-screen-only\">Instagram<\/span>\n\t\t\t\t\t\t<i aria-hidden=\"true\" class=\"fab fa-instagram\"><\/i>\t\t\t\t\t<\/a>\n\t\t\t\t<\/span>\n\t\t\t\t\t\t\t<span class=\"elementor-grid-item\" role=\"listitem\">\n\t\t\t\t\t<a class=\"elementor-icon elementor-social-icon elementor-social-icon-envelope elementor-animation-pulse elementor-repeater-item-fab1cf1\" href=\"mailto:contact@of-x.fr\" target=\"_blank\">\n\t\t\t\t\t\t<span class=\"elementor-screen-only\">Envelope<\/span>\n\t\t\t\t\t\t<i aria-hidden=\"true\" class=\"fas fa-envelope\"><\/i>\t\t\t\t\t<\/a>\n\t\t\t\t<\/span>\n\t\t\t\t\t<\/div>\n\t\t\t\t\t\t<\/div>\n\t\t\t\t<\/div>\n\t\t\t\t\t<\/div>\n\t\t<\/div>\n\t\t\t\t\t<\/div>\n\t\t<\/section>\n\t\t\t\t<\/div>\n\t\t","protected":false},"excerpt":{"rendered":"<p>Les \u00e9v\u00e9nements auxquels nous avons particip\u00e9 10 km de PARIS\u00a0 3 JOURS DE LA PANNE\u00a0 4 JOURS DE DUNKERQUE\u00a0\u00a0 A ARTIC RACE OF NORWAY B Baloise Belgium Tour\u00a0 BinckBank Tour\/Eneco [&hellip;]<\/p>\n","protected":false},"author":1,"featured_media":0,"parent":0,"menu_order":0,"comment_status":"closed","ping_status":"closed","template":"","meta":{"footnotes":""},"class_list":["post-35","page","type-page","status-publish","hentry"],"_links":{"self":[{"href":"https:\/\/www.of-x.fr\/site\/wp-json\/wp\/v2\/pages\/35","targetHints":{"allow":["GET"]}}],"collection":[{"href":"https:\/\/www.of-x.fr\/site\/wp-json\/wp\/v2\/pages"}],"about":[{"href":"https:\/\/www.of-x.fr\/site\/wp-json\/wp\/v2\/types\/page"}],"author":[{"embeddable":true,"href":"https:\/\/www.of-x.fr\/site\/wp-json\/wp\/v2\/users\/1"}],"replies":[{"embeddable":true,"href":"https:\/\/www.of-x.fr\/site\/wp-json\/wp\/v2\/comments?post=35"}],"version-history":[{"count":22,"href":"https:\/\/www.of-x.fr\/site\/wp-json\/wp\/v2\/pages\/35\/revisions"}],"predecessor-version":[{"id":735,"href":"https:\/\/www.of-x.fr\/site\/wp-json\/wp\/v2\/pages\/35\/revisions\/735"}],"wp:attachment":[{"href":"https:\/\/www.of-x.fr\/site\/wp-json\/wp\/v2\/media?parent=35"}],"curies":[{"name":"wp","href":"https:\/\/api.w.org\/{rel}","templated":true}]}}