{"id":27,"date":"2019-11-14T12:00:13","date_gmt":"2019-11-14T11:00:13","guid":{"rendered":"http:\/\/localhost\/wordpress\/?page_id=27"},"modified":"2021-11-03T15:27:24","modified_gmt":"2021-11-03T14:27:24","slug":"remorque-arche","status":"publish","type":"page","link":"https:\/\/www.of-x.fr\/site\/nos-vehicules\/remorque-arche\/","title":{"rendered":"Arche d&rsquo;arriv\u00e9e"},"content":{"rendered":"\t\t<div data-elementor-type=\"wp-page\" data-elementor-id=\"27\" class=\"elementor elementor-27\">\n\t\t\t\t\t\t<section class=\"elementor-section elementor-top-section elementor-element elementor-element-edad8c3 elementor-section-boxed elementor-section-height-default elementor-section-height-default\" data-id=\"edad8c3\" data-element_type=\"section\" data-e-type=\"section\">\n\t\t\t\t\t\t<div class=\"elementor-container elementor-column-gap-default\">\n\t\t\t\t\t<div class=\"elementor-column elementor-col-100 elementor-top-column elementor-element elementor-element-9ed58a6\" data-id=\"9ed58a6\" data-element_type=\"column\" data-e-type=\"column\">\n\t\t\t<div class=\"elementor-widget-wrap elementor-element-populated\">\n\t\t\t\t\t\t<div class=\"elementor-element elementor-element-72d59c0 elementor-widget elementor-widget-heading\" data-id=\"72d59c0\" data-element_type=\"widget\" data-e-type=\"widget\" data-widget_type=\"heading.default\">\n\t\t\t\t<div class=\"elementor-widget-container\">\n\t\t\t\t\t<h2 class=\"elementor-heading-title elementor-size-default\">Arche d'arriv\u00e9e<\/h2>\t\t\t\t<\/div>\n\t\t\t\t<\/div>\n\t\t\t\t<div class=\"elementor-element elementor-element-24230ca elementor-widget elementor-widget-text-editor\" data-id=\"24230ca\" data-element_type=\"widget\" data-e-type=\"widget\" data-widget_type=\"text-editor.default\">\n\t\t\t\t<div class=\"elementor-widget-container\">\n\t\t\t\t\t\t\t\t\t<p>Nous vous proposons une arche d&rsquo;arriv\u00e9e coupl\u00e9e \u00e0 une remorque fournissant un local pour les arbitres. Il est possible d&rsquo;afficher des sponsors ou des \u00e9crans \u00e0 LED sur l&rsquo;arche.<\/p>\t\t\t\t\t\t\t\t<\/div>\n\t\t\t\t<\/div>\n\t\t\t\t\t<\/div>\n\t\t<\/div>\n\t\t\t\t\t<\/div>\n\t\t<\/section>\n\t\t\t\t<section class=\"elementor-section elementor-top-section elementor-element elementor-element-e9a0e75 elementor-section-boxed elementor-section-height-default elementor-section-height-default\" data-id=\"e9a0e75\" data-element_type=\"section\" data-e-type=\"section\">\n\t\t\t\t\t\t<div class=\"elementor-container elementor-column-gap-default\">\n\t\t\t\t\t<div class=\"elementor-column elementor-col-100 elementor-top-column elementor-element elementor-element-8d6a1f6\" data-id=\"8d6a1f6\" data-element_type=\"column\" data-e-type=\"column\">\n\t\t\t<div class=\"elementor-widget-wrap elementor-element-populated\">\n\t\t\t\t\t\t<div class=\"elementor-element elementor-element-d5a7b76 elementor-arrows-position-outside elementor-pagination-position-outside elementor-widget elementor-widget-image-carousel\" data-id=\"d5a7b76\" data-element_type=\"widget\" data-e-type=\"widget\" data-settings=\"{&quot;slides_to_show&quot;:&quot;3&quot;,&quot;slides_to_scroll&quot;:&quot;3&quot;,&quot;navigation&quot;:&quot;both&quot;,&quot;autoplay&quot;:&quot;yes&quot;,&quot;pause_on_hover&quot;:&quot;yes&quot;,&quot;pause_on_interaction&quot;:&quot;yes&quot;,&quot;autoplay_speed&quot;:5000,&quot;infinite&quot;:&quot;yes&quot;,&quot;speed&quot;:500,&quot;image_spacing_custom&quot;:{&quot;unit&quot;:&quot;px&quot;,&quot;size&quot;:20,&quot;sizes&quot;:[]},&quot;image_spacing_custom_tablet&quot;:{&quot;unit&quot;:&quot;px&quot;,&quot;size&quot;:&quot;&quot;,&quot;sizes&quot;:[]},&quot;image_spacing_custom_mobile&quot;:{&quot;unit&quot;:&quot;px&quot;,&quot;size&quot;:&quot;&quot;,&quot;sizes&quot;:[]}}\" data-widget_type=\"image-carousel.default\">\n\t\t\t\t<div class=\"elementor-widget-container\">\n\t\t\t\t\t\t\t<div class=\"elementor-image-carousel-wrapper swiper\" role=\"region\" aria-roledescription=\"carousel\" aria-label=\"Carrousel d\u2019images\" dir=\"ltr\">\n\t\t\t<div class=\"elementor-image-carousel swiper-wrapper\" aria-live=\"off\">\n\t\t\t\t\t\t\t\t<div class=\"swiper-slide\" role=\"group\" aria-roledescription=\"slide\" aria-label=\"1 sur 11\"><a data-elementor-open-lightbox=\"yes\" data-elementor-lightbox-slideshow=\"d5a7b76\" data-elementor-lightbox-title=\"Run in Reims\" data-e-action-hash=\"#elementor-action%3Aaction%3Dlightbox%26settings%3DeyJpZCI6MTM5LCJ1cmwiOiJodHRwczpcL1wvd3d3Lm9mLXguZnJcL3NpdGVcL3dwLWNvbnRlbnRcL3VwbG9hZHNcLzIwMTlcLzExXC9SdW4taW4tUmVpbXMtMS5qcGciLCJzbGlkZXNob3ciOiJkNWE3Yjc2In0%3D\" href=\"https:\/\/www.of-x.fr\/site\/wp-content\/uploads\/2019\/11\/Run-in-Reims-1.jpg\"><figure class=\"swiper-slide-inner\"><img decoding=\"async\" class=\"swiper-slide-image\" src=\"https:\/\/www.of-x.fr\/site\/wp-content\/uploads\/2019\/11\/Run-in-Reims-1-768x576.jpg\" alt=\"Run in Reims\" \/><\/figure><\/a><\/div><div class=\"swiper-slide\" role=\"group\" aria-roledescription=\"slide\" aria-label=\"2 sur 11\"><a data-elementor-open-lightbox=\"yes\" data-elementor-lightbox-slideshow=\"d5a7b76\" data-elementor-lightbox-title=\"Odlo Crystal Run\" data-e-action-hash=\"#elementor-action%3Aaction%3Dlightbox%26settings%3DeyJpZCI6MTM4LCJ1cmwiOiJodHRwczpcL1wvd3d3Lm9mLXguZnJcL3NpdGVcL3dwLWNvbnRlbnRcL3VwbG9hZHNcLzIwMTlcLzExXC9PZGxvLUNyeXN0YWwtUnVuLTEuanBnIiwic2xpZGVzaG93IjoiZDVhN2I3NiJ9\" href=\"https:\/\/www.of-x.fr\/site\/wp-content\/uploads\/2019\/11\/Odlo-Crystal-Run-1.jpg\"><figure class=\"swiper-slide-inner\"><img decoding=\"async\" class=\"swiper-slide-image\" src=\"https:\/\/www.of-x.fr\/site\/wp-content\/uploads\/2019\/11\/Odlo-Crystal-Run-1-768x576.jpg\" alt=\"Odlo Crystal Run\" \/><\/figure><\/a><\/div><div class=\"swiper-slide\" role=\"group\" aria-roledescription=\"slide\" aria-label=\"3 sur 11\"><a data-elementor-open-lightbox=\"yes\" data-elementor-lightbox-slideshow=\"d5a7b76\" data-elementor-lightbox-title=\"Int\u00e9rieur\" data-e-action-hash=\"#elementor-action%3Aaction%3Dlightbox%26settings%3DeyJpZCI6MTMxLCJ1cmwiOiJodHRwczpcL1wvd3d3Lm9mLXguZnJcL3NpdGVcL3dwLWNvbnRlbnRcL3VwbG9hZHNcLzIwMTlcLzExXC9hcmNoZTMtMS5qcGciLCJzbGlkZXNob3ciOiJkNWE3Yjc2In0%3D\" href=\"https:\/\/www.of-x.fr\/site\/wp-content\/uploads\/2019\/11\/arche3-1.jpg\"><figure class=\"swiper-slide-inner\"><img decoding=\"async\" class=\"swiper-slide-image\" src=\"https:\/\/www.of-x.fr\/site\/wp-content\/uploads\/2019\/11\/arche3-1-768x511.jpg\" alt=\"Int\u00e9rieur\" \/><\/figure><\/a><\/div><div class=\"swiper-slide\" role=\"group\" aria-roledescription=\"slide\" aria-label=\"4 sur 11\"><a data-elementor-open-lightbox=\"yes\" data-elementor-lightbox-slideshow=\"d5a7b76\" data-elementor-lightbox-title=\"Tour of Oman\" data-e-action-hash=\"#elementor-action%3Aaction%3Dlightbox%26settings%3DeyJpZCI6MTM3LCJ1cmwiOiJodHRwczpcL1wvd3d3Lm9mLXguZnJcL3NpdGVcL3dwLWNvbnRlbnRcL3VwbG9hZHNcLzIwMTlcLzExXC9JTUdfMjg4MzEtMS5qcGciLCJzbGlkZXNob3ciOiJkNWE3Yjc2In0%3D\" href=\"https:\/\/www.of-x.fr\/site\/wp-content\/uploads\/2019\/11\/IMG_28831-1.jpg\"><figure class=\"swiper-slide-inner\"><img decoding=\"async\" class=\"swiper-slide-image\" src=\"https:\/\/www.of-x.fr\/site\/wp-content\/uploads\/2019\/11\/IMG_28831-1-768x432.jpg\" alt=\"Tour of Oman\" \/><\/figure><\/a><\/div><div class=\"swiper-slide\" role=\"group\" aria-roledescription=\"slide\" aria-label=\"5 sur 11\"><a data-elementor-open-lightbox=\"yes\" data-elementor-lightbox-slideshow=\"d5a7b76\" data-elementor-lightbox-title=\"Tour de France arriv\u00e9e \u00e0 Marseille\" data-e-action-hash=\"#elementor-action%3Aaction%3Dlightbox%26settings%3DeyJpZCI6MTQwLCJ1cmwiOiJodHRwczpcL1wvd3d3Lm9mLXguZnJcL3NpdGVcL3dwLWNvbnRlbnRcL3VwbG9hZHNcLzIwMTlcLzExXC9Ub3VyLWRlLUZyYW5jZS1hcnJpdlx1MDBlOWUtXHUwMGUwLU1hcnNlaWxsZS0xLmpwZyIsInNsaWRlc2hvdyI6ImQ1YTdiNzYifQ%3D%3D\" href=\"https:\/\/www.of-x.fr\/site\/wp-content\/uploads\/2019\/11\/Tour-de-France-arriv\u00e9e-\u00e0-Marseille-1.jpg\"><figure class=\"swiper-slide-inner\"><img decoding=\"async\" class=\"swiper-slide-image\" src=\"https:\/\/www.of-x.fr\/site\/wp-content\/uploads\/2019\/11\/Tour-de-France-arriv\u00e9e-\u00e0-Marseille-1-768x576.jpg\" alt=\"Tour de France arriv\u00e9e \u00e0 Marseille\" \/><\/figure><\/a><\/div><div class=\"swiper-slide\" role=\"group\" aria-roledescription=\"slide\" aria-label=\"6 sur 11\"><a data-elementor-open-lightbox=\"yes\" data-elementor-lightbox-slideshow=\"d5a7b76\" data-e-action-hash=\"#elementor-action%3Aaction%3Dlightbox%26settings%3DeyJpZCI6MTM1LCJ1cmwiOiJodHRwczpcL1wvd3d3Lm9mLXguZnJcL3NpdGVcL3dwLWNvbnRlbnRcL3VwbG9hZHNcLzIwMTlcLzExXC9JTUdfMDMyMi0xLmpwZyIsInNsaWRlc2hvdyI6ImQ1YTdiNzYifQ%3D%3D\" href=\"https:\/\/www.of-x.fr\/site\/wp-content\/uploads\/2019\/11\/IMG_0322-1.jpg\"><figure class=\"swiper-slide-inner\"><img decoding=\"async\" class=\"swiper-slide-image\" src=\"https:\/\/www.of-x.fr\/site\/wp-content\/uploads\/2019\/11\/IMG_0322-1-768x576.jpg\" alt=\"\" \/><\/figure><\/a><\/div><div class=\"swiper-slide\" role=\"group\" aria-roledescription=\"slide\" aria-label=\"7 sur 11\"><a data-elementor-open-lightbox=\"yes\" data-elementor-lightbox-slideshow=\"d5a7b76\" data-elementor-lightbox-title=\"Les foul\u00e9es de Leclerc\" data-e-action-hash=\"#elementor-action%3Aaction%3Dlightbox%26settings%3DeyJpZCI6MTM0LCJ1cmwiOiJodHRwczpcL1wvd3d3Lm9mLXguZnJcL3NpdGVcL3dwLWNvbnRlbnRcL3VwbG9hZHNcLzIwMTlcLzExXC9GQl9JTUdfMTQ5NDQ0MTMyMzI4Ny0xLmpwZyIsInNsaWRlc2hvdyI6ImQ1YTdiNzYifQ%3D%3D\" href=\"https:\/\/www.of-x.fr\/site\/wp-content\/uploads\/2019\/11\/FB_IMG_1494441323287-1.jpg\"><figure class=\"swiper-slide-inner\"><img decoding=\"async\" class=\"swiper-slide-image\" src=\"https:\/\/www.of-x.fr\/site\/wp-content\/uploads\/2019\/11\/FB_IMG_1494441323287-1.jpg\" alt=\"Les foul\u00e9es de Leclerc\" \/><\/figure><\/a><\/div><div class=\"swiper-slide\" role=\"group\" aria-roledescription=\"slide\" aria-label=\"8 sur 11\"><a data-elementor-open-lightbox=\"yes\" data-elementor-lightbox-slideshow=\"d5a7b76\" data-elementor-lightbox-title=\"Cross Cup Mol\" data-e-action-hash=\"#elementor-action%3Aaction%3Dlightbox%26settings%3DeyJpZCI6MTMzLCJ1cmwiOiJodHRwczpcL1wvd3d3Lm9mLXguZnJcL3NpdGVcL3dwLWNvbnRlbnRcL3VwbG9hZHNcLzIwMTlcLzExXC9Dcm9zcy1DdXAtTW9sLTEuanBnIiwic2xpZGVzaG93IjoiZDVhN2I3NiJ9\" href=\"https:\/\/www.of-x.fr\/site\/wp-content\/uploads\/2019\/11\/Cross-Cup-Mol-1.jpg\"><figure class=\"swiper-slide-inner\"><img decoding=\"async\" class=\"swiper-slide-image\" src=\"https:\/\/www.of-x.fr\/site\/wp-content\/uploads\/2019\/11\/Cross-Cup-Mol-1-768x576.jpg\" alt=\"Cross Cup Mol\" \/><\/figure><\/a><\/div><div class=\"swiper-slide\" role=\"group\" aria-roledescription=\"slide\" aria-label=\"9 sur 11\"><a data-elementor-open-lightbox=\"yes\" data-elementor-lightbox-slideshow=\"d5a7b76\" data-elementor-lightbox-title=\"Int\u00e9rieur\" data-e-action-hash=\"#elementor-action%3Aaction%3Dlightbox%26settings%3DeyJpZCI6MTMyLCJ1cmwiOiJodHRwczpcL1wvd3d3Lm9mLXguZnJcL3NpdGVcL3dwLWNvbnRlbnRcL3VwbG9hZHNcLzIwMTlcLzExXC9hcmNoZTQtMS5qcGciLCJzbGlkZXNob3ciOiJkNWE3Yjc2In0%3D\" href=\"https:\/\/www.of-x.fr\/site\/wp-content\/uploads\/2019\/11\/arche4-1.jpg\"><figure class=\"swiper-slide-inner\"><img decoding=\"async\" class=\"swiper-slide-image\" src=\"https:\/\/www.of-x.fr\/site\/wp-content\/uploads\/2019\/11\/arche4-1-768x511.jpg\" alt=\"Int\u00e9rieur\" \/><\/figure><\/a><\/div><div class=\"swiper-slide\" role=\"group\" aria-roledescription=\"slide\" aria-label=\"10 sur 11\"><a data-elementor-open-lightbox=\"yes\" data-elementor-lightbox-slideshow=\"d5a7b76\" data-elementor-lightbox-title=\"Les foul\u00e9es de Leclerc\" data-e-action-hash=\"#elementor-action%3Aaction%3Dlightbox%26settings%3DeyJpZCI6MTMwLCJ1cmwiOiJodHRwczpcL1wvd3d3Lm9mLXguZnJcL3NpdGVcL3dwLWNvbnRlbnRcL3VwbG9hZHNcLzIwMTlcLzExXC9hcmNoZTItMS5qcGciLCJzbGlkZXNob3ciOiJkNWE3Yjc2In0%3D\" href=\"https:\/\/www.of-x.fr\/site\/wp-content\/uploads\/2019\/11\/arche2-1.jpg\"><figure class=\"swiper-slide-inner\"><img decoding=\"async\" class=\"swiper-slide-image\" src=\"https:\/\/www.of-x.fr\/site\/wp-content\/uploads\/2019\/11\/arche2-1-768x511.jpg\" alt=\"Les foul\u00e9es de Leclerc\" \/><\/figure><\/a><\/div><div class=\"swiper-slide\" role=\"group\" aria-roledescription=\"slide\" aria-label=\"11 sur 11\"><a data-elementor-open-lightbox=\"yes\" data-elementor-lightbox-slideshow=\"d5a7b76\" data-elementor-lightbox-title=\"Les foul\u00e9es de Leclerc\" data-e-action-hash=\"#elementor-action%3Aaction%3Dlightbox%26settings%3DeyJpZCI6MTI5LCJ1cmwiOiJodHRwczpcL1wvd3d3Lm9mLXguZnJcL3NpdGVcL3dwLWNvbnRlbnRcL3VwbG9hZHNcLzIwMTlcLzExXC9hcmNoZS0xLmpwZyIsInNsaWRlc2hvdyI6ImQ1YTdiNzYifQ%3D%3D\" href=\"https:\/\/www.of-x.fr\/site\/wp-content\/uploads\/2019\/11\/arche-1.jpg\"><figure class=\"swiper-slide-inner\"><img decoding=\"async\" class=\"swiper-slide-image\" src=\"https:\/\/www.of-x.fr\/site\/wp-content\/uploads\/2019\/11\/arche-1-768x511.jpg\" alt=\"Les foul\u00e9es de Leclerc\" \/><\/figure><\/a><\/div>\t\t\t<\/div>\n\t\t\t\t\t\t\t\t\t\t\t\t<div class=\"elementor-swiper-button elementor-swiper-button-prev\" role=\"button\" tabindex=\"0\">\n\t\t\t\t\t\t<i aria-hidden=\"true\" class=\"eicon-chevron-left\"><\/i>\t\t\t\t\t<\/div>\n\t\t\t\t\t<div class=\"elementor-swiper-button elementor-swiper-button-next\" role=\"button\" tabindex=\"0\">\n\t\t\t\t\t\t<i aria-hidden=\"true\" class=\"eicon-chevron-right\"><\/i>\t\t\t\t\t<\/div>\n\t\t\t\t\n\t\t\t\t\t\t\t\t\t<div class=\"swiper-pagination\"><\/div>\n\t\t\t\t\t\t\t\t\t<\/div>\n\t\t\t\t\t\t<\/div>\n\t\t\t\t<\/div>\n\t\t\t\t\t<\/div>\n\t\t<\/div>\n\t\t\t\t\t<\/div>\n\t\t<\/section>\n\t\t\t\t<section class=\"elementor-section elementor-top-section elementor-element elementor-element-663a032 elementor-section-boxed elementor-section-height-default elementor-section-height-default\" data-id=\"663a032\" data-element_type=\"section\" data-e-type=\"section\">\n\t\t\t\t\t\t<div class=\"elementor-container elementor-column-gap-default\">\n\t\t\t\t\t<div class=\"elementor-column elementor-col-100 elementor-top-column elementor-element elementor-element-47b1143\" data-id=\"47b1143\" data-element_type=\"column\" data-e-type=\"column\">\n\t\t\t<div class=\"elementor-widget-wrap elementor-element-populated\">\n\t\t\t\t\t\t<div class=\"elementor-element elementor-element-756904a elementor-widget elementor-widget-spacer\" data-id=\"756904a\" data-element_type=\"widget\" data-e-type=\"widget\" data-widget_type=\"spacer.default\">\n\t\t\t\t<div class=\"elementor-widget-container\">\n\t\t\t\t\t\t\t<div class=\"elementor-spacer\">\n\t\t\t<div class=\"elementor-spacer-inner\"><\/div>\n\t\t<\/div>\n\t\t\t\t\t\t<\/div>\n\t\t\t\t<\/div>\n\t\t\t\t\t<\/div>\n\t\t<\/div>\n\t\t\t\t\t<\/div>\n\t\t<\/section>\n\t\t\t\t<section class=\"elementor-section elementor-top-section elementor-element elementor-element-40b0a65 elementor-section-boxed elementor-section-height-default elementor-section-height-default\" data-id=\"40b0a65\" data-element_type=\"section\" data-e-type=\"section\">\n\t\t\t\t\t\t<div class=\"elementor-container elementor-column-gap-default\">\n\t\t\t\t\t<div class=\"elementor-column elementor-col-100 elementor-top-column elementor-element elementor-element-13e834e\" data-id=\"13e834e\" data-element_type=\"column\" data-e-type=\"column\">\n\t\t\t<div class=\"elementor-widget-wrap elementor-element-populated\">\n\t\t\t\t\t\t<div class=\"elementor-element elementor-element-531f540 elementor-shape-circle elementor-widget__width-initial elementor-absolute elementor-grid-0 e-grid-align-center elementor-widget elementor-widget-social-icons\" data-id=\"531f540\" data-element_type=\"widget\" data-e-type=\"widget\" data-settings=\"{&quot;_position&quot;:&quot;absolute&quot;}\" data-widget_type=\"social-icons.default\">\n\t\t\t\t<div class=\"elementor-widget-container\">\n\t\t\t\t\t\t\t<div class=\"elementor-social-icons-wrapper elementor-grid\" role=\"list\">\n\t\t\t\t\t\t\t<span class=\"elementor-grid-item\" role=\"listitem\">\n\t\t\t\t\t<a class=\"elementor-icon elementor-social-icon elementor-social-icon-instagram elementor-animation-pulse elementor-repeater-item-34e0980\" href=\"https:\/\/www.instagram.com\/societe_ofx\/\" target=\"_blank\">\n\t\t\t\t\t\t<span class=\"elementor-screen-only\">Instagram<\/span>\n\t\t\t\t\t\t<i aria-hidden=\"true\" class=\"fab fa-instagram\"><\/i>\t\t\t\t\t<\/a>\n\t\t\t\t<\/span>\n\t\t\t\t\t\t\t<span class=\"elementor-grid-item\" role=\"listitem\">\n\t\t\t\t\t<a class=\"elementor-icon elementor-social-icon elementor-social-icon-envelope elementor-animation-pulse elementor-repeater-item-29622b8\" href=\"mailto:contact@of-x.fr\" target=\"_blank\">\n\t\t\t\t\t\t<span class=\"elementor-screen-only\">Envelope<\/span>\n\t\t\t\t\t\t<i aria-hidden=\"true\" class=\"fas fa-envelope\"><\/i>\t\t\t\t\t<\/a>\n\t\t\t\t<\/span>\n\t\t\t\t\t<\/div>\n\t\t\t\t\t\t<\/div>\n\t\t\t\t<\/div>\n\t\t\t\t\t<\/div>\n\t\t<\/div>\n\t\t\t\t\t<\/div>\n\t\t<\/section>\n\t\t\t\t<section class=\"elementor-section elementor-top-section elementor-element elementor-element-6dec515 elementor-section-boxed elementor-section-height-default elementor-section-height-default\" data-id=\"6dec515\" data-element_type=\"section\" data-e-type=\"section\">\n\t\t\t\t\t\t<div class=\"elementor-container elementor-column-gap-default\">\n\t\t\t\t\t<div class=\"elementor-column elementor-col-100 elementor-top-column elementor-element elementor-element-48eb709\" data-id=\"48eb709\" data-element_type=\"column\" data-e-type=\"column\">\n\t\t\t<div class=\"elementor-widget-wrap elementor-element-populated\">\n\t\t\t\t\t\t<div class=\"elementor-element elementor-element-9625836 elementor-widget elementor-widget-spacer\" data-id=\"9625836\" data-element_type=\"widget\" data-e-type=\"widget\" data-widget_type=\"spacer.default\">\n\t\t\t\t<div class=\"elementor-widget-container\">\n\t\t\t\t\t\t\t<div class=\"elementor-spacer\">\n\t\t\t<div class=\"elementor-spacer-inner\"><\/div>\n\t\t<\/div>\n\t\t\t\t\t\t<\/div>\n\t\t\t\t<\/div>\n\t\t\t\t\t<\/div>\n\t\t<\/div>\n\t\t\t\t\t<\/div>\n\t\t<\/section>\n\t\t\t\t<\/div>\n\t\t","protected":false},"excerpt":{"rendered":"<p>Arche d&rsquo;arriv\u00e9e Nous vous proposons une arche d&rsquo;arriv\u00e9e coupl\u00e9e \u00e0 une remorque fournissant un local pour les arbitres. Il est possible d&rsquo;afficher des sponsors ou des \u00e9crans \u00e0 LED sur [&hellip;]<\/p>\n","protected":false},"author":1,"featured_media":0,"parent":14,"menu_order":0,"comment_status":"closed","ping_status":"closed","template":"","meta":{"footnotes":""},"class_list":["post-27","page","type-page","status-publish","hentry"],"_links":{"self":[{"href":"https:\/\/www.of-x.fr\/site\/wp-json\/wp\/v2\/pages\/27","targetHints":{"allow":["GET"]}}],"collection":[{"href":"https:\/\/www.of-x.fr\/site\/wp-json\/wp\/v2\/pages"}],"about":[{"href":"https:\/\/www.of-x.fr\/site\/wp-json\/wp\/v2\/types\/page"}],"author":[{"embeddable":true,"href":"https:\/\/www.of-x.fr\/site\/wp-json\/wp\/v2\/users\/1"}],"replies":[{"embeddable":true,"href":"https:\/\/www.of-x.fr\/site\/wp-json\/wp\/v2\/comments?post=27"}],"version-history":[{"count":23,"href":"https:\/\/www.of-x.fr\/site\/wp-json\/wp\/v2\/pages\/27\/revisions"}],"predecessor-version":[{"id":738,"href":"https:\/\/www.of-x.fr\/site\/wp-json\/wp\/v2\/pages\/27\/revisions\/738"}],"up":[{"embeddable":true,"href":"https:\/\/www.of-x.fr\/site\/wp-json\/wp\/v2\/pages\/14"}],"wp:attachment":[{"href":"https:\/\/www.of-x.fr\/site\/wp-json\/wp\/v2\/media?parent=27"}],"curies":[{"name":"wp","href":"https:\/\/api.w.org\/{rel}","templated":true}]}}