{"id":20,"date":"2019-11-14T11:36:02","date_gmt":"2019-11-14T10:36:02","guid":{"rendered":"http:\/\/localhost\/wordpress\/?page_id=20"},"modified":"2025-09-21T17:23:48","modified_gmt":"2025-09-21T15:23:48","slug":"camion-podium","status":"publish","type":"page","link":"https:\/\/www.of-x.fr\/site\/nos-vehicules\/camion-podium\/","title":{"rendered":"Podium"},"content":{"rendered":"\t\t<div data-elementor-type=\"wp-page\" data-elementor-id=\"20\" class=\"elementor elementor-20\">\n\t\t\t\t\t\t<section class=\"elementor-section elementor-top-section elementor-element elementor-element-5feedcb elementor-section-boxed elementor-section-height-default elementor-section-height-default\" data-id=\"5feedcb\" data-element_type=\"section\" data-e-type=\"section\">\n\t\t\t\t\t\t<div class=\"elementor-container elementor-column-gap-default\">\n\t\t\t\t\t<div class=\"elementor-column elementor-col-100 elementor-top-column elementor-element elementor-element-a83fec7\" data-id=\"a83fec7\" data-element_type=\"column\" data-e-type=\"column\">\n\t\t\t<div class=\"elementor-widget-wrap elementor-element-populated\">\n\t\t\t\t\t\t<div class=\"elementor-element elementor-element-437d2cb elementor-widget elementor-widget-heading\" data-id=\"437d2cb\" data-element_type=\"widget\" data-e-type=\"widget\" data-widget_type=\"heading.default\">\n\t\t\t\t<div class=\"elementor-widget-container\">\n\t\t\t\t\t<h2 class=\"elementor-heading-title elementor-size-default\">Podium<\/h2>\t\t\t\t<\/div>\n\t\t\t\t<\/div>\n\t\t\t\t<div class=\"elementor-element elementor-element-0d1b4df elementor-widget elementor-widget-text-editor\" data-id=\"0d1b4df\" data-element_type=\"widget\" data-e-type=\"widget\" data-widget_type=\"text-editor.default\">\n\t\t\t\t<div class=\"elementor-widget-container\">\n\t\t\t\t\t\t\t\t\t<p>Nous vous proposons un podium qui peut-\u00eatre d\u00e9cor\u00e9 avec vos couleurs et sponsors. Un \u00e9cran y est install\u00e9.\u00a0<\/p>\t\t\t\t\t\t\t\t<\/div>\n\t\t\t\t<\/div>\n\t\t\t\t\t<\/div>\n\t\t<\/div>\n\t\t\t\t\t<\/div>\n\t\t<\/section>\n\t\t\t\t<section class=\"elementor-section elementor-top-section elementor-element elementor-element-f140fd6 elementor-section-boxed elementor-section-height-default elementor-section-height-default\" data-id=\"f140fd6\" data-element_type=\"section\" data-e-type=\"section\">\n\t\t\t\t\t\t<div class=\"elementor-container elementor-column-gap-default\">\n\t\t\t\t\t<div class=\"elementor-column elementor-col-100 elementor-top-column elementor-element elementor-element-ca33b74\" data-id=\"ca33b74\" data-element_type=\"column\" data-e-type=\"column\">\n\t\t\t<div class=\"elementor-widget-wrap elementor-element-populated\">\n\t\t\t\t\t\t<div class=\"elementor-element elementor-element-a46bd33 gallery-spacing-custom elementor-widget elementor-widget-image-gallery\" data-id=\"a46bd33\" data-element_type=\"widget\" data-e-type=\"widget\" data-widget_type=\"image-gallery.default\">\n\t\t\t\t<div class=\"elementor-widget-container\">\n\t\t\t\t\t\t\t<div class=\"elementor-image-gallery\">\n\t\t\t<div id='gallery-1' class='gallery galleryid-20 gallery-columns-3 gallery-size-medium'><dl class='gallery-item'>\n\t\t\t<dt class='gallery-icon landscape'>\n\t\t\t\t<a data-elementor-open-lightbox=\"yes\" data-elementor-lightbox-slideshow=\"a46bd33\" data-elementor-lightbox-title=\"Podium\" data-e-action-hash=\"#elementor-action%3Aaction%3Dlightbox%26settings%3DeyJpZCI6MjA5LCJ1cmwiOiJodHRwczpcL1wvd3d3Lm9mLXguZnJcL3NpdGVcL3dwLWNvbnRlbnRcL3VwbG9hZHNcLzIwMTlcLzExXC9JTUdfMzY3NTEtMS5qcGciLCJzbGlkZXNob3ciOiJhNDZiZDMzIn0%3D\" href='https:\/\/www.of-x.fr\/site\/wp-content\/uploads\/2019\/11\/IMG_36751-1.jpg'><img fetchpriority=\"high\" decoding=\"async\" width=\"300\" height=\"225\" src=\"https:\/\/www.of-x.fr\/site\/wp-content\/uploads\/2019\/11\/IMG_36751-1-300x225.jpg\" class=\"attachment-medium size-medium\" alt=\"\" srcset=\"https:\/\/www.of-x.fr\/site\/wp-content\/uploads\/2019\/11\/IMG_36751-1-300x225.jpg 300w, https:\/\/www.of-x.fr\/site\/wp-content\/uploads\/2019\/11\/IMG_36751-1-1024x768.jpg 1024w, https:\/\/www.of-x.fr\/site\/wp-content\/uploads\/2019\/11\/IMG_36751-1-768x576.jpg 768w, https:\/\/www.of-x.fr\/site\/wp-content\/uploads\/2019\/11\/IMG_36751-1-620x465.jpg 620w, https:\/\/www.of-x.fr\/site\/wp-content\/uploads\/2019\/11\/IMG_36751-1.jpg 1280w\" sizes=\"(max-width: 300px) 100vw, 300px\" \/><\/a>\n\t\t\t<\/dt><\/dl><dl class='gallery-item'>\n\t\t\t<dt class='gallery-icon landscape'>\n\t\t\t\t<a data-elementor-open-lightbox=\"yes\" data-elementor-lightbox-slideshow=\"a46bd33\" data-elementor-lightbox-title=\"IMG-20210724-WA0006\" data-e-action-hash=\"#elementor-action%3Aaction%3Dlightbox%26settings%3DeyJpZCI6Njg3LCJ1cmwiOiJodHRwczpcL1wvd3d3Lm9mLXguZnJcL3NpdGVcL3dwLWNvbnRlbnRcL3VwbG9hZHNcLzIwMjFcLzExXC9JTUctMjAyMTA3MjQtV0EwMDA2LmpwZyIsInNsaWRlc2hvdyI6ImE0NmJkMzMifQ%3D%3D\" href='https:\/\/www.of-x.fr\/site\/wp-content\/uploads\/2021\/11\/IMG-20210724-WA0006.jpg'><img decoding=\"async\" width=\"300\" height=\"225\" src=\"https:\/\/www.of-x.fr\/site\/wp-content\/uploads\/2021\/11\/IMG-20210724-WA0006-300x225.jpg\" class=\"attachment-medium size-medium\" alt=\"\" srcset=\"https:\/\/www.of-x.fr\/site\/wp-content\/uploads\/2021\/11\/IMG-20210724-WA0006-300x225.jpg 300w, https:\/\/www.of-x.fr\/site\/wp-content\/uploads\/2021\/11\/IMG-20210724-WA0006-1024x768.jpg 1024w, https:\/\/www.of-x.fr\/site\/wp-content\/uploads\/2021\/11\/IMG-20210724-WA0006-768x576.jpg 768w, https:\/\/www.of-x.fr\/site\/wp-content\/uploads\/2021\/11\/IMG-20210724-WA0006-1536x1152.jpg 1536w, https:\/\/www.of-x.fr\/site\/wp-content\/uploads\/2021\/11\/IMG-20210724-WA0006-16x12.jpg 16w, https:\/\/www.of-x.fr\/site\/wp-content\/uploads\/2021\/11\/IMG-20210724-WA0006-620x465.jpg 620w, https:\/\/www.of-x.fr\/site\/wp-content\/uploads\/2021\/11\/IMG-20210724-WA0006.jpg 1600w\" sizes=\"(max-width: 300px) 100vw, 300px\" \/><\/a>\n\t\t\t<\/dt><\/dl><dl class='gallery-item'>\n\t\t\t<dt class='gallery-icon landscape'>\n\t\t\t\t<a data-elementor-open-lightbox=\"yes\" data-elementor-lightbox-slideshow=\"a46bd33\" data-elementor-lightbox-title=\"26BAB9A6-5F12-4C4E-AEF1-7E1121A59B68\" data-e-action-hash=\"#elementor-action%3Aaction%3Dlightbox%26settings%3DeyJpZCI6NzgyLCJ1cmwiOiJodHRwczpcL1wvd3d3Lm9mLXguZnJcL3NpdGVcL3dwLWNvbnRlbnRcL3VwbG9hZHNcLzIwMjJcLzA4XC8yNkJBQjlBNi01RjEyLTRDNEUtQUVGMS03RTExMjFBNTlCNjguanBlZyIsInNsaWRlc2hvdyI6ImE0NmJkMzMifQ%3D%3D\" href='https:\/\/www.of-x.fr\/site\/wp-content\/uploads\/2022\/08\/26BAB9A6-5F12-4C4E-AEF1-7E1121A59B68.jpeg'><img decoding=\"async\" width=\"300\" height=\"225\" src=\"https:\/\/www.of-x.fr\/site\/wp-content\/uploads\/2022\/08\/26BAB9A6-5F12-4C4E-AEF1-7E1121A59B68-300x225.jpeg\" class=\"attachment-medium size-medium\" alt=\"\" srcset=\"https:\/\/www.of-x.fr\/site\/wp-content\/uploads\/2022\/08\/26BAB9A6-5F12-4C4E-AEF1-7E1121A59B68-300x225.jpeg 300w, https:\/\/www.of-x.fr\/site\/wp-content\/uploads\/2022\/08\/26BAB9A6-5F12-4C4E-AEF1-7E1121A59B68-1024x768.jpeg 1024w, https:\/\/www.of-x.fr\/site\/wp-content\/uploads\/2022\/08\/26BAB9A6-5F12-4C4E-AEF1-7E1121A59B68-768x576.jpeg 768w, https:\/\/www.of-x.fr\/site\/wp-content\/uploads\/2022\/08\/26BAB9A6-5F12-4C4E-AEF1-7E1121A59B68-1536x1152.jpeg 1536w, https:\/\/www.of-x.fr\/site\/wp-content\/uploads\/2022\/08\/26BAB9A6-5F12-4C4E-AEF1-7E1121A59B68-16x12.jpeg 16w, https:\/\/www.of-x.fr\/site\/wp-content\/uploads\/2022\/08\/26BAB9A6-5F12-4C4E-AEF1-7E1121A59B68-620x465.jpeg 620w, https:\/\/www.of-x.fr\/site\/wp-content\/uploads\/2022\/08\/26BAB9A6-5F12-4C4E-AEF1-7E1121A59B68.jpeg 2048w\" sizes=\"(max-width: 300px) 100vw, 300px\" \/><\/a>\n\t\t\t<\/dt><\/dl><br style=\"clear: both\" \/><dl class='gallery-item'>\n\t\t\t<dt class='gallery-icon landscape'>\n\t\t\t\t<a data-elementor-open-lightbox=\"yes\" data-elementor-lightbox-slideshow=\"a46bd33\" data-elementor-lightbox-title=\"IMG_6949\" data-e-action-hash=\"#elementor-action%3Aaction%3Dlightbox%26settings%3DeyJpZCI6ODA3LCJ1cmwiOiJodHRwczpcL1wvd3d3Lm9mLXguZnJcL3NpdGVcL3dwLWNvbnRlbnRcL3VwbG9hZHNcLzIwMjVcLzA5XC9JTUdfNjk0OS5qcGVnIiwic2xpZGVzaG93IjoiYTQ2YmQzMyJ9\" href='https:\/\/www.of-x.fr\/site\/wp-content\/uploads\/2025\/09\/IMG_6949.jpeg'><img loading=\"lazy\" decoding=\"async\" width=\"300\" height=\"224\" src=\"https:\/\/www.of-x.fr\/site\/wp-content\/uploads\/2025\/09\/IMG_6949-300x224.jpeg\" class=\"attachment-medium size-medium\" alt=\"\" srcset=\"https:\/\/www.of-x.fr\/site\/wp-content\/uploads\/2025\/09\/IMG_6949-300x224.jpeg 300w, https:\/\/www.of-x.fr\/site\/wp-content\/uploads\/2025\/09\/IMG_6949-1024x766.jpeg 1024w, https:\/\/www.of-x.fr\/site\/wp-content\/uploads\/2025\/09\/IMG_6949-768x574.jpeg 768w, https:\/\/www.of-x.fr\/site\/wp-content\/uploads\/2025\/09\/IMG_6949-16x12.jpeg 16w, https:\/\/www.of-x.fr\/site\/wp-content\/uploads\/2025\/09\/IMG_6949-620x464.jpeg 620w, https:\/\/www.of-x.fr\/site\/wp-content\/uploads\/2025\/09\/IMG_6949.jpeg 1530w\" sizes=\"(max-width: 300px) 100vw, 300px\" \/><\/a>\n\t\t\t<\/dt><\/dl><dl class='gallery-item'>\n\t\t\t<dt class='gallery-icon landscape'>\n\t\t\t\t<a data-elementor-open-lightbox=\"yes\" data-elementor-lightbox-slideshow=\"a46bd33\" data-elementor-lightbox-title=\"PHOTO-2025-09-20-10-35-42\" data-e-action-hash=\"#elementor-action%3Aaction%3Dlightbox%26settings%3DeyJpZCI6ODAxLCJ1cmwiOiJodHRwczpcL1wvd3d3Lm9mLXguZnJcL3NpdGVcL3dwLWNvbnRlbnRcL3VwbG9hZHNcLzIwMjVcLzA5XC9QSE9UTy0yMDI1LTA5LTIwLTEwLTM1LTQyLmpwZyIsInNsaWRlc2hvdyI6ImE0NmJkMzMifQ%3D%3D\" href='https:\/\/www.of-x.fr\/site\/wp-content\/uploads\/2025\/09\/PHOTO-2025-09-20-10-35-42.jpg'><img loading=\"lazy\" decoding=\"async\" width=\"300\" height=\"225\" src=\"https:\/\/www.of-x.fr\/site\/wp-content\/uploads\/2025\/09\/PHOTO-2025-09-20-10-35-42-300x225.jpg\" class=\"attachment-medium size-medium\" alt=\"\" srcset=\"https:\/\/www.of-x.fr\/site\/wp-content\/uploads\/2025\/09\/PHOTO-2025-09-20-10-35-42-300x225.jpg 300w, https:\/\/www.of-x.fr\/site\/wp-content\/uploads\/2025\/09\/PHOTO-2025-09-20-10-35-42-1024x768.jpg 1024w, https:\/\/www.of-x.fr\/site\/wp-content\/uploads\/2025\/09\/PHOTO-2025-09-20-10-35-42-768x576.jpg 768w, https:\/\/www.of-x.fr\/site\/wp-content\/uploads\/2025\/09\/PHOTO-2025-09-20-10-35-42-1536x1152.jpg 1536w, https:\/\/www.of-x.fr\/site\/wp-content\/uploads\/2025\/09\/PHOTO-2025-09-20-10-35-42-16x12.jpg 16w, https:\/\/www.of-x.fr\/site\/wp-content\/uploads\/2025\/09\/PHOTO-2025-09-20-10-35-42-620x465.jpg 620w, https:\/\/www.of-x.fr\/site\/wp-content\/uploads\/2025\/09\/PHOTO-2025-09-20-10-35-42.jpg 1600w\" sizes=\"(max-width: 300px) 100vw, 300px\" \/><\/a>\n\t\t\t<\/dt><\/dl>\n\t\t\t<br style='clear: both' \/>\n\t\t<\/div>\n\t\t<\/div>\n\t\t\t\t\t\t<\/div>\n\t\t\t\t<\/div>\n\t\t\t\t\t<\/div>\n\t\t<\/div>\n\t\t\t\t\t<\/div>\n\t\t<\/section>\n\t\t\t\t<section class=\"elementor-section elementor-top-section elementor-element elementor-element-e8edbf7 elementor-section-boxed elementor-section-height-default elementor-section-height-default\" data-id=\"e8edbf7\" data-element_type=\"section\" data-e-type=\"section\">\n\t\t\t\t\t\t<div class=\"elementor-container elementor-column-gap-default\">\n\t\t\t\t\t<div class=\"elementor-column elementor-col-100 elementor-top-column elementor-element elementor-element-25173a5\" data-id=\"25173a5\" data-element_type=\"column\" data-e-type=\"column\">\n\t\t\t<div class=\"elementor-widget-wrap elementor-element-populated\">\n\t\t\t\t\t\t<div class=\"elementor-element elementor-element-3ae167e elementor-widget elementor-widget-spacer\" data-id=\"3ae167e\" data-element_type=\"widget\" data-e-type=\"widget\" data-widget_type=\"spacer.default\">\n\t\t\t\t<div class=\"elementor-widget-container\">\n\t\t\t\t\t\t\t<div class=\"elementor-spacer\">\n\t\t\t<div class=\"elementor-spacer-inner\"><\/div>\n\t\t<\/div>\n\t\t\t\t\t\t<\/div>\n\t\t\t\t<\/div>\n\t\t\t\t\t<\/div>\n\t\t<\/div>\n\t\t\t\t\t<\/div>\n\t\t<\/section>\n\t\t\t\t<section class=\"elementor-section elementor-top-section elementor-element elementor-element-b0f4943 elementor-section-boxed elementor-section-height-default elementor-section-height-default\" data-id=\"b0f4943\" data-element_type=\"section\" data-e-type=\"section\">\n\t\t\t\t\t\t<div class=\"elementor-container elementor-column-gap-default\">\n\t\t\t\t\t<div class=\"elementor-column elementor-col-100 elementor-top-column elementor-element elementor-element-8eb0845\" data-id=\"8eb0845\" data-element_type=\"column\" data-e-type=\"column\">\n\t\t\t<div class=\"elementor-widget-wrap elementor-element-populated\">\n\t\t\t\t\t\t<div class=\"elementor-element elementor-element-1133e45 elementor-shape-circle elementor-widget__width-initial elementor-absolute elementor-grid-0 e-grid-align-center elementor-widget elementor-widget-social-icons\" data-id=\"1133e45\" data-element_type=\"widget\" data-e-type=\"widget\" data-settings=\"{&quot;_position&quot;:&quot;absolute&quot;}\" data-widget_type=\"social-icons.default\">\n\t\t\t\t<div class=\"elementor-widget-container\">\n\t\t\t\t\t\t\t<div class=\"elementor-social-icons-wrapper elementor-grid\" role=\"list\">\n\t\t\t\t\t\t\t<span class=\"elementor-grid-item\" role=\"listitem\">\n\t\t\t\t\t<a class=\"elementor-icon elementor-social-icon elementor-social-icon-instagram elementor-animation-pulse elementor-repeater-item-ba5bc24\" href=\"https:\/\/www.instagram.com\/societe_ofx\/\" target=\"_blank\">\n\t\t\t\t\t\t<span class=\"elementor-screen-only\">Instagram<\/span>\n\t\t\t\t\t\t<i aria-hidden=\"true\" class=\"fab fa-instagram\"><\/i>\t\t\t\t\t<\/a>\n\t\t\t\t<\/span>\n\t\t\t\t\t\t\t<span class=\"elementor-grid-item\" role=\"listitem\">\n\t\t\t\t\t<a class=\"elementor-icon elementor-social-icon elementor-social-icon-envelope elementor-animation-pulse elementor-repeater-item-2b1db58\" href=\"mailto:contact@of-x.fr\" target=\"_blank\">\n\t\t\t\t\t\t<span class=\"elementor-screen-only\">Envelope<\/span>\n\t\t\t\t\t\t<i aria-hidden=\"true\" class=\"fas fa-envelope\"><\/i>\t\t\t\t\t<\/a>\n\t\t\t\t<\/span>\n\t\t\t\t\t<\/div>\n\t\t\t\t\t\t<\/div>\n\t\t\t\t<\/div>\n\t\t\t\t\t<\/div>\n\t\t<\/div>\n\t\t\t\t\t<\/div>\n\t\t<\/section>\n\t\t\t\t<section class=\"elementor-section elementor-top-section elementor-element elementor-element-7afd72f elementor-section-boxed elementor-section-height-default elementor-section-height-default\" data-id=\"7afd72f\" data-element_type=\"section\" data-e-type=\"section\">\n\t\t\t\t\t\t<div class=\"elementor-container elementor-column-gap-default\">\n\t\t\t\t\t<div class=\"elementor-column elementor-col-100 elementor-top-column elementor-element elementor-element-8a047f9\" data-id=\"8a047f9\" data-element_type=\"column\" data-e-type=\"column\">\n\t\t\t<div class=\"elementor-widget-wrap elementor-element-populated\">\n\t\t\t\t\t\t<div class=\"elementor-element elementor-element-99152ed elementor-widget elementor-widget-spacer\" data-id=\"99152ed\" data-element_type=\"widget\" data-e-type=\"widget\" data-widget_type=\"spacer.default\">\n\t\t\t\t<div class=\"elementor-widget-container\">\n\t\t\t\t\t\t\t<div class=\"elementor-spacer\">\n\t\t\t<div class=\"elementor-spacer-inner\"><\/div>\n\t\t<\/div>\n\t\t\t\t\t\t<\/div>\n\t\t\t\t<\/div>\n\t\t\t\t\t<\/div>\n\t\t<\/div>\n\t\t\t\t\t<\/div>\n\t\t<\/section>\n\t\t\t\t<\/div>\n\t\t","protected":false},"excerpt":{"rendered":"<p>Podium Nous vous proposons un podium qui peut-\u00eatre d\u00e9cor\u00e9 avec vos couleurs et sponsors. Un \u00e9cran y est install\u00e9.\u00a0 Instagram Envelope<\/p>\n","protected":false},"author":1,"featured_media":0,"parent":14,"menu_order":0,"comment_status":"closed","ping_status":"closed","template":"","meta":{"footnotes":""},"class_list":["post-20","page","type-page","status-publish","hentry"],"_links":{"self":[{"href":"https:\/\/www.of-x.fr\/site\/wp-json\/wp\/v2\/pages\/20","targetHints":{"allow":["GET"]}}],"collection":[{"href":"https:\/\/www.of-x.fr\/site\/wp-json\/wp\/v2\/pages"}],"about":[{"href":"https:\/\/www.of-x.fr\/site\/wp-json\/wp\/v2\/types\/page"}],"author":[{"embeddable":true,"href":"https:\/\/www.of-x.fr\/site\/wp-json\/wp\/v2\/users\/1"}],"replies":[{"embeddable":true,"href":"https:\/\/www.of-x.fr\/site\/wp-json\/wp\/v2\/comments?post=20"}],"version-history":[{"count":31,"href":"https:\/\/www.of-x.fr\/site\/wp-json\/wp\/v2\/pages\/20\/revisions"}],"predecessor-version":[{"id":847,"href":"https:\/\/www.of-x.fr\/site\/wp-json\/wp\/v2\/pages\/20\/revisions\/847"}],"up":[{"embeddable":true,"href":"https:\/\/www.of-x.fr\/site\/wp-json\/wp\/v2\/pages\/14"}],"wp:attachment":[{"href":"https:\/\/www.of-x.fr\/site\/wp-json\/wp\/v2\/media?parent=20"}],"curies":[{"name":"wp","href":"https:\/\/api.w.org\/{rel}","templated":true}]}}