{"id":14,"date":"2019-11-14T11:31:39","date_gmt":"2019-11-14T10:31:39","guid":{"rendered":"http:\/\/localhost\/wordpress\/?page_id=14"},"modified":"2025-09-21T11:13:08","modified_gmt":"2025-09-21T09:13:08","slug":"nos-vehicules","status":"publish","type":"page","link":"https:\/\/www.of-x.fr\/site\/en\/nos-vehicules\/","title":{"rendered":"Our vehicles"},"content":{"rendered":"<div data-elementor-type=\"wp-page\" data-elementor-id=\"14\" class=\"elementor elementor-14\">\n\t\t\t\t\t\t<section class=\"elementor-section elementor-top-section elementor-element elementor-element-3004aff6 elementor-section-boxed elementor-section-height-default elementor-section-height-default\" data-id=\"3004aff6\" data-element_type=\"section\" data-e-type=\"section\">\n\t\t\t\t\t\t<div class=\"elementor-container elementor-column-gap-default\">\n\t\t\t\t\t<div class=\"elementor-column elementor-col-100 elementor-top-column elementor-element elementor-element-43a6c79d\" data-id=\"43a6c79d\" data-element_type=\"column\" data-e-type=\"column\">\n\t\t\t<div class=\"elementor-widget-wrap elementor-element-populated\">\n\t\t\t\t\t\t<div class=\"elementor-element elementor-element-d918efc elementor-widget elementor-widget-heading\" data-id=\"d918efc\" data-element_type=\"widget\" data-e-type=\"widget\" data-widget_type=\"heading.default\">\n\t\t\t\t<div class=\"elementor-widget-container\">\n\t\t\t\t\t<h2 class=\"elementor-heading-title elementor-size-default\">Our vehicles<\/h2>\t\t\t\t<\/div>\n\t\t\t\t<\/div>\n\t\t\t\t<div class=\"elementor-element elementor-element-5f936dc6 elementor-widget elementor-widget-text-editor\" data-id=\"5f936dc6\" data-element_type=\"widget\" data-e-type=\"widget\" data-widget_type=\"text-editor.default\">\n\t\t\t\t<div class=\"elementor-widget-container\">\n\t\t\t\t\t\t\t\t\t\n<p>We offer you several vehicles with differents utilities : trucks, trailers, podium, premises...<\/p>\n\t\t\t\t\t\t\t\t<\/div>\n\t\t\t\t<\/div>\n\t\t\t\t\t<\/div>\n\t\t<\/div>\n\t\t\t\t\t<\/div>\n\t\t<\/section>\n\t\t\t\t<section class=\"elementor-section elementor-top-section elementor-element elementor-element-215787d elementor-section-boxed elementor-section-height-default elementor-section-height-default\" data-id=\"215787d\" data-element_type=\"section\" data-e-type=\"section\">\n\t\t\t\t\t\t<div class=\"elementor-container elementor-column-gap-default\">\n\t\t\t\t\t<div class=\"elementor-column elementor-col-33 elementor-top-column elementor-element elementor-element-e9fb77f\" data-id=\"e9fb77f\" data-element_type=\"column\" data-e-type=\"column\">\n\t\t\t<div class=\"elementor-widget-wrap elementor-element-populated\">\n\t\t\t\t\t\t<div class=\"elementor-element elementor-element-85a2b0a elementor-widget elementor-widget-image\" data-id=\"85a2b0a\" data-element_type=\"widget\" data-e-type=\"widget\" data-widget_type=\"image.default\">\n\t\t\t\t<div class=\"elementor-widget-container\">\n\t\t\t\t\t\t\t\t\t\t\t\t<figure class=\"wp-caption\">\n\t\t\t\t\t\t\t\t\t\t\t<a href=\"https:\/\/www.of-x.fr\/site\/en\/nos-vehicules\/camion-portique-darrivee\/\" target=\"_blank\">\n\t\t\t\t\t\t\t<img fetchpriority=\"high\" decoding=\"async\" width=\"940\" height=\"705\" src=\"https:\/\/www.of-x.fr\/site\/wp-content\/uploads\/2019\/11\/Zonhoven-1-1024x768.jpg\" class=\"elementor-animation-grow-rotate attachment-large size-large wp-image-191\" alt=\"\" srcset=\"https:\/\/www.of-x.fr\/site\/wp-content\/uploads\/2019\/11\/Zonhoven-1-1024x768.jpg 1024w, https:\/\/www.of-x.fr\/site\/wp-content\/uploads\/2019\/11\/Zonhoven-1-300x225.jpg 300w, https:\/\/www.of-x.fr\/site\/wp-content\/uploads\/2019\/11\/Zonhoven-1-768x576.jpg 768w, https:\/\/www.of-x.fr\/site\/wp-content\/uploads\/2019\/11\/Zonhoven-1-1536x1152.jpg 1536w, https:\/\/www.of-x.fr\/site\/wp-content\/uploads\/2019\/11\/Zonhoven-1-620x465.jpg 620w, https:\/\/www.of-x.fr\/site\/wp-content\/uploads\/2019\/11\/Zonhoven-1.jpg 2016w\" sizes=\"(max-width: 940px) 100vw, 940px\" \/>\t\t\t\t\t\t\t\t<\/a>\n\t\t\t\t\t\t\t\t\t\t\t<figcaption class=\"widget-image-caption wp-caption-text\">Finish premises<\/figcaption>\n\t\t\t\t\t\t\t\t\t\t<\/figure>\n\t\t\t\t\t\t\t\t\t<\/div>\n\t\t\t\t<\/div>\n\t\t\t\t\t<\/div>\n\t\t<\/div>\n\t\t\t\t<div class=\"elementor-column elementor-col-33 elementor-top-column elementor-element elementor-element-0928b58\" data-id=\"0928b58\" data-element_type=\"column\" data-e-type=\"column\">\n\t\t\t<div class=\"elementor-widget-wrap elementor-element-populated\">\n\t\t\t\t\t\t<div class=\"elementor-element elementor-element-7c12e67 elementor-widget elementor-widget-image\" data-id=\"7c12e67\" data-element_type=\"widget\" data-e-type=\"widget\" data-widget_type=\"image.default\">\n\t\t\t\t<div class=\"elementor-widget-container\">\n\t\t\t\t\t\t\t\t\t\t\t\t<figure class=\"wp-caption\">\n\t\t\t\t\t\t\t\t\t\t\t<a href=\"https:\/\/www.of-x.fr\/site\/en\/nos-vehicules\/camion-podium\/\" target=\"_blank\">\n\t\t\t\t\t\t\t<img decoding=\"async\" width=\"940\" height=\"703\" src=\"https:\/\/www.of-x.fr\/site\/wp-content\/uploads\/2025\/09\/IMG_6949-1024x766.jpeg\" class=\"elementor-animation-grow-rotate attachment-large size-large wp-image-807\" alt=\"\" srcset=\"https:\/\/www.of-x.fr\/site\/wp-content\/uploads\/2025\/09\/IMG_6949-1024x766.jpeg 1024w, https:\/\/www.of-x.fr\/site\/wp-content\/uploads\/2025\/09\/IMG_6949-300x224.jpeg 300w, https:\/\/www.of-x.fr\/site\/wp-content\/uploads\/2025\/09\/IMG_6949-768x574.jpeg 768w, https:\/\/www.of-x.fr\/site\/wp-content\/uploads\/2025\/09\/IMG_6949-16x12.jpeg 16w, https:\/\/www.of-x.fr\/site\/wp-content\/uploads\/2025\/09\/IMG_6949-620x464.jpeg 620w, https:\/\/www.of-x.fr\/site\/wp-content\/uploads\/2025\/09\/IMG_6949.jpeg 1530w\" sizes=\"(max-width: 940px) 100vw, 940px\" \/>\t\t\t\t\t\t\t\t<\/a>\n\t\t\t\t\t\t\t\t\t\t\t<figcaption class=\"widget-image-caption wp-caption-text\">Podium<\/figcaption>\n\t\t\t\t\t\t\t\t\t\t<\/figure>\n\t\t\t\t\t\t\t\t\t<\/div>\n\t\t\t\t<\/div>\n\t\t\t\t\t<\/div>\n\t\t<\/div>\n\t\t\t\t<div class=\"elementor-column elementor-col-33 elementor-top-column elementor-element elementor-element-0f8607d\" data-id=\"0f8607d\" data-element_type=\"column\" data-e-type=\"column\">\n\t\t\t<div class=\"elementor-widget-wrap elementor-element-populated\">\n\t\t\t\t\t\t<div class=\"elementor-element elementor-element-395c728 elementor-widget elementor-widget-image\" data-id=\"395c728\" data-element_type=\"widget\" data-e-type=\"widget\" data-widget_type=\"image.default\">\n\t\t\t\t<div class=\"elementor-widget-container\">\n\t\t\t\t\t\t\t\t\t\t\t\t<figure class=\"wp-caption\">\n\t\t\t\t\t\t\t\t\t\t\t<a href=\"https:\/\/www.of-x.fr\/site\/en\/nos-vehicules\/remorque-controle-anti-dopage\/\" target=\"_blank\">\n\t\t\t\t\t\t\t<img decoding=\"async\" width=\"940\" height=\"705\" src=\"https:\/\/www.of-x.fr\/site\/wp-content\/uploads\/2019\/11\/IMG_0944-1-1024x768.jpg\" class=\"elementor-animation-grow-rotate attachment-large size-large wp-image-192\" alt=\"\" srcset=\"https:\/\/www.of-x.fr\/site\/wp-content\/uploads\/2019\/11\/IMG_0944-1-1024x768.jpg 1024w, https:\/\/www.of-x.fr\/site\/wp-content\/uploads\/2019\/11\/IMG_0944-1-300x225.jpg 300w, https:\/\/www.of-x.fr\/site\/wp-content\/uploads\/2019\/11\/IMG_0944-1-768x576.jpg 768w, https:\/\/www.of-x.fr\/site\/wp-content\/uploads\/2019\/11\/IMG_0944-1-1536x1152.jpg 1536w, https:\/\/www.of-x.fr\/site\/wp-content\/uploads\/2019\/11\/IMG_0944-1-620x465.jpg 620w, https:\/\/www.of-x.fr\/site\/wp-content\/uploads\/2019\/11\/IMG_0944-1.jpg 2016w\" sizes=\"(max-width: 940px) 100vw, 940px\" \/>\t\t\t\t\t\t\t\t<\/a>\n\t\t\t\t\t\t\t\t\t\t\t<figcaption class=\"widget-image-caption wp-caption-text\">Anti-doping tests premise<\/figcaption>\n\t\t\t\t\t\t\t\t\t\t<\/figure>\n\t\t\t\t\t\t\t\t\t<\/div>\n\t\t\t\t<\/div>\n\t\t\t\t\t<\/div>\n\t\t<\/div>\n\t\t\t\t\t<\/div>\n\t\t<\/section>\n\t\t\t\t<section class=\"elementor-section elementor-top-section elementor-element elementor-element-f13eb3e elementor-section-boxed elementor-section-height-default elementor-section-height-default\" data-id=\"f13eb3e\" data-element_type=\"section\" data-e-type=\"section\">\n\t\t\t\t\t\t<div class=\"elementor-container elementor-column-gap-default\">\n\t\t\t\t\t<div class=\"elementor-column elementor-col-33 elementor-top-column elementor-element elementor-element-742b535\" data-id=\"742b535\" data-element_type=\"column\" data-e-type=\"column\">\n\t\t\t<div class=\"elementor-widget-wrap elementor-element-populated\">\n\t\t\t\t\t\t<div class=\"elementor-element elementor-element-3fb3c29 elementor-widget elementor-widget-image\" data-id=\"3fb3c29\" data-element_type=\"widget\" data-e-type=\"widget\" data-widget_type=\"image.default\">\n\t\t\t\t<div class=\"elementor-widget-container\">\n\t\t\t\t\t\t\t\t\t\t\t\t<figure class=\"wp-caption\">\n\t\t\t\t\t\t\t\t\t\t\t<a href=\"https:\/\/www.of-x.fr\/site\/en\/nos-vehicules\/camion-darrivee\/\" target=\"_blank\">\n\t\t\t\t\t\t\t<img loading=\"lazy\" decoding=\"async\" width=\"940\" height=\"705\" src=\"https:\/\/www.of-x.fr\/site\/wp-content\/uploads\/2021\/11\/IMG-20210806-WA0006-1024x768.jpg\" class=\"elementor-animation-grow-rotate attachment-large size-large wp-image-691\" alt=\"\" srcset=\"https:\/\/www.of-x.fr\/site\/wp-content\/uploads\/2021\/11\/IMG-20210806-WA0006-1024x768.jpg 1024w, https:\/\/www.of-x.fr\/site\/wp-content\/uploads\/2021\/11\/IMG-20210806-WA0006-300x225.jpg 300w, https:\/\/www.of-x.fr\/site\/wp-content\/uploads\/2021\/11\/IMG-20210806-WA0006-768x576.jpg 768w, https:\/\/www.of-x.fr\/site\/wp-content\/uploads\/2021\/11\/IMG-20210806-WA0006-1536x1152.jpg 1536w, https:\/\/www.of-x.fr\/site\/wp-content\/uploads\/2021\/11\/IMG-20210806-WA0006-16x12.jpg 16w, https:\/\/www.of-x.fr\/site\/wp-content\/uploads\/2021\/11\/IMG-20210806-WA0006-620x465.jpg 620w, https:\/\/www.of-x.fr\/site\/wp-content\/uploads\/2021\/11\/IMG-20210806-WA0006.jpg 1600w\" sizes=\"(max-width: 940px) 100vw, 940px\" \/>\t\t\t\t\t\t\t\t<\/a>\n\t\t\t\t\t\t\t\t\t\t\t<figcaption class=\"widget-image-caption wp-caption-text\">Finish crossbar truck<\/figcaption>\n\t\t\t\t\t\t\t\t\t\t<\/figure>\n\t\t\t\t\t\t\t\t\t<\/div>\n\t\t\t\t<\/div>\n\t\t\t\t\t<\/div>\n\t\t<\/div>\n\t\t\t\t<div class=\"elementor-column elementor-col-33 elementor-top-column elementor-element elementor-element-30dde56\" data-id=\"30dde56\" data-element_type=\"column\" data-e-type=\"column\">\n\t\t\t<div class=\"elementor-widget-wrap elementor-element-populated\">\n\t\t\t\t\t\t<div class=\"elementor-element elementor-element-d5b0e03 elementor-widget elementor-widget-image\" data-id=\"d5b0e03\" data-element_type=\"widget\" data-e-type=\"widget\" data-widget_type=\"image.default\">\n\t\t\t\t<div class=\"elementor-widget-container\">\n\t\t\t\t\t\t\t\t\t\t\t\t<figure class=\"wp-caption\">\n\t\t\t\t\t\t\t\t\t\t\t<a href=\"https:\/\/www.of-x.fr\/site\/en\/nos-vehicules\/remorque-arche\/\" target=\"_blank\">\n\t\t\t\t\t\t\t<img loading=\"lazy\" decoding=\"async\" width=\"940\" height=\"705\" src=\"https:\/\/www.of-x.fr\/site\/wp-content\/uploads\/2019\/11\/IMG_0322-1-1024x768.jpg\" class=\"elementor-animation-grow-rotate attachment-large size-large wp-image-135\" alt=\"\" srcset=\"https:\/\/www.of-x.fr\/site\/wp-content\/uploads\/2019\/11\/IMG_0322-1-1024x768.jpg 1024w, https:\/\/www.of-x.fr\/site\/wp-content\/uploads\/2019\/11\/IMG_0322-1-300x225.jpg 300w, https:\/\/www.of-x.fr\/site\/wp-content\/uploads\/2019\/11\/IMG_0322-1-768x576.jpg 768w, https:\/\/www.of-x.fr\/site\/wp-content\/uploads\/2019\/11\/IMG_0322-1-1536x1152.jpg 1536w, https:\/\/www.of-x.fr\/site\/wp-content\/uploads\/2019\/11\/IMG_0322-1-620x465.jpg 620w, https:\/\/www.of-x.fr\/site\/wp-content\/uploads\/2019\/11\/IMG_0322-1.jpg 2016w\" sizes=\"(max-width: 940px) 100vw, 940px\" \/>\t\t\t\t\t\t\t\t<\/a>\n\t\t\t\t\t\t\t\t\t\t\t<figcaption class=\"widget-image-caption wp-caption-text\">Finish arch<\/figcaption>\n\t\t\t\t\t\t\t\t\t\t<\/figure>\n\t\t\t\t\t\t\t\t\t<\/div>\n\t\t\t\t<\/div>\n\t\t\t\t\t<\/div>\n\t\t<\/div>\n\t\t\t\t<div class=\"elementor-column elementor-col-33 elementor-top-column elementor-element elementor-element-475762d\" data-id=\"475762d\" data-element_type=\"column\" data-e-type=\"column\">\n\t\t\t<div class=\"elementor-widget-wrap elementor-element-populated\">\n\t\t\t\t\t\t<div class=\"elementor-element elementor-element-cde23b1 elementor-widget elementor-widget-image\" data-id=\"cde23b1\" data-element_type=\"widget\" data-e-type=\"widget\" data-widget_type=\"image.default\">\n\t\t\t\t<div class=\"elementor-widget-container\">\n\t\t\t\t\t\t\t\t\t\t\t\t<figure class=\"wp-caption\">\n\t\t\t\t\t\t\t\t\t\t\t<a href=\"https:\/\/www.of-x.fr\/site\/en\/nos-vehicules\/remorque-ecran-a-led\/\" target=\"_blank\">\n\t\t\t\t\t\t\t<img loading=\"lazy\" decoding=\"async\" width=\"752\" height=\"568\" src=\"https:\/\/www.of-x.fr\/site\/wp-content\/uploads\/2019\/11\/ecran-1-e1635946027503.jpg\" class=\"elementor-animation-grow-rotate attachment-large size-large wp-image-141\" alt=\"\" srcset=\"https:\/\/www.of-x.fr\/site\/wp-content\/uploads\/2019\/11\/ecran-1-e1635946027503.jpg 752w, https:\/\/www.of-x.fr\/site\/wp-content\/uploads\/2019\/11\/ecran-1-e1635946027503-300x227.jpg 300w, https:\/\/www.of-x.fr\/site\/wp-content\/uploads\/2019\/11\/ecran-1-e1635946027503-620x468.jpg 620w, https:\/\/www.of-x.fr\/site\/wp-content\/uploads\/2019\/11\/ecran-1-e1635946027503-16x12.jpg 16w\" sizes=\"(max-width: 752px) 100vw, 752px\" \/>\t\t\t\t\t\t\t\t<\/a>\n\t\t\t\t\t\t\t\t\t\t\t<figcaption class=\"widget-image-caption wp-caption-text\">LED screen trailer<\/figcaption>\n\t\t\t\t\t\t\t\t\t\t<\/figure>\n\t\t\t\t\t\t\t\t\t<\/div>\n\t\t\t\t<\/div>\n\t\t\t\t\t<\/div>\n\t\t<\/div>\n\t\t\t\t\t<\/div>\n\t\t<\/section>\n\t\t\t\t<section class=\"elementor-section elementor-top-section elementor-element elementor-element-4e98d0d elementor-section-boxed elementor-section-height-default elementor-section-height-default\" data-id=\"4e98d0d\" data-element_type=\"section\" data-e-type=\"section\">\n\t\t\t\t\t\t<div class=\"elementor-container elementor-column-gap-default\">\n\t\t\t\t\t<div class=\"elementor-column elementor-col-100 elementor-top-column elementor-element elementor-element-a44a8b0\" data-id=\"a44a8b0\" data-element_type=\"column\" data-e-type=\"column\">\n\t\t\t<div class=\"elementor-widget-wrap elementor-element-populated\">\n\t\t\t\t\t\t<div class=\"elementor-element elementor-element-0d1241c elementor-widget elementor-widget-spacer\" data-id=\"0d1241c\" data-element_type=\"widget\" data-e-type=\"widget\" data-widget_type=\"spacer.default\">\n\t\t\t\t<div class=\"elementor-widget-container\">\n\t\t\t\t\t\t\t<div class=\"elementor-spacer\">\n\t\t\t<div class=\"elementor-spacer-inner\"><\/div>\n\t\t<\/div>\n\t\t\t\t\t\t<\/div>\n\t\t\t\t<\/div>\n\t\t\t\t\t<\/div>\n\t\t<\/div>\n\t\t\t\t\t<\/div>\n\t\t<\/section>\n\t\t\t\t<section class=\"elementor-section elementor-top-section elementor-element elementor-element-805a5f2 elementor-section-boxed elementor-section-height-default elementor-section-height-default\" data-id=\"805a5f2\" data-element_type=\"section\" data-e-type=\"section\">\n\t\t\t\t\t\t<div class=\"elementor-container elementor-column-gap-default\">\n\t\t\t\t\t<div class=\"elementor-column elementor-col-100 elementor-top-column elementor-element elementor-element-0f25ae2\" data-id=\"0f25ae2\" data-element_type=\"column\" data-e-type=\"column\">\n\t\t\t<div class=\"elementor-widget-wrap elementor-element-populated\">\n\t\t\t\t\t\t<div class=\"elementor-element elementor-element-10355b3 elementor-shape-circle elementor-widget__width-initial elementor-absolute elementor-grid-0 e-grid-align-center elementor-widget elementor-widget-social-icons\" data-id=\"10355b3\" data-element_type=\"widget\" data-e-type=\"widget\" data-settings=\"{&quot;_position&quot;:&quot;absolute&quot;}\" data-widget_type=\"social-icons.default\">\n\t\t\t\t<div class=\"elementor-widget-container\">\n\t\t\t\t\t\t\t<div class=\"elementor-social-icons-wrapper elementor-grid\" role=\"list\">\n\t\t\t\t\t\t\t<span class=\"elementor-grid-item\" role=\"listitem\">\n\t\t\t\t\t<a class=\"elementor-icon elementor-social-icon elementor-social-icon-instagram elementor-animation-pulse elementor-repeater-item-beba693\" href=\"https:\/\/www.instagram.com\/societe_ofx\/\" target=\"_blank\">\n\t\t\t\t\t\t<span class=\"elementor-screen-only\">Instagram<\/span>\n\t\t\t\t\t\t<i aria-hidden=\"true\" class=\"fab fa-instagram\"><\/i>\t\t\t\t\t<\/a>\n\t\t\t\t<\/span>\n\t\t\t\t\t\t\t<span class=\"elementor-grid-item\" role=\"listitem\">\n\t\t\t\t\t<a class=\"elementor-icon elementor-social-icon elementor-social-icon-envelope elementor-animation-pulse elementor-repeater-item-80966de\" href=\"mailto:contact@of-x.fr\" target=\"_blank\">\n\t\t\t\t\t\t<span class=\"elementor-screen-only\">Envelope<\/span>\n\t\t\t\t\t\t<i aria-hidden=\"true\" class=\"fas fa-envelope\"><\/i>\t\t\t\t\t<\/a>\n\t\t\t\t<\/span>\n\t\t\t\t\t<\/div>\n\t\t\t\t\t\t<\/div>\n\t\t\t\t<\/div>\n\t\t\t\t\t<\/div>\n\t\t<\/div>\n\t\t\t\t\t<\/div>\n\t\t<\/section>\n\t\t\t\t<\/div>","protected":false},"excerpt":{"rendered":"<p>Les v\u00e9hicules Nous proposons plusieurs v\u00e9hicules avec des utilit\u00e9s et des tailles diff\u00e9rentes : camions, remorques&#8230; Locaux d&rsquo;arriv\u00e9e Podium Local contr\u00f4le anti-dopage Camion portique d&rsquo;arriv\u00e9e Arche d&rsquo;arriv\u00e9e Remorque \u00e9cran \u00e0 [&hellip;]<\/p>\n","protected":false},"author":1,"featured_media":0,"parent":0,"menu_order":0,"comment_status":"closed","ping_status":"closed","template":"","meta":{"footnotes":""},"class_list":["post-14","page","type-page","status-publish","hentry"],"_links":{"self":[{"href":"https:\/\/www.of-x.fr\/site\/en\/wp-json\/wp\/v2\/pages\/14","targetHints":{"allow":["GET"]}}],"collection":[{"href":"https:\/\/www.of-x.fr\/site\/en\/wp-json\/wp\/v2\/pages"}],"about":[{"href":"https:\/\/www.of-x.fr\/site\/en\/wp-json\/wp\/v2\/types\/page"}],"author":[{"embeddable":true,"href":"https:\/\/www.of-x.fr\/site\/en\/wp-json\/wp\/v2\/users\/1"}],"replies":[{"embeddable":true,"href":"https:\/\/www.of-x.fr\/site\/en\/wp-json\/wp\/v2\/comments?post=14"}],"version-history":[{"count":50,"href":"https:\/\/www.of-x.fr\/site\/en\/wp-json\/wp\/v2\/pages\/14\/revisions"}],"predecessor-version":[{"id":810,"href":"https:\/\/www.of-x.fr\/site\/en\/wp-json\/wp\/v2\/pages\/14\/revisions\/810"}],"wp:attachment":[{"href":"https:\/\/www.of-x.fr\/site\/en\/wp-json\/wp\/v2\/media?parent=14"}],"curies":[{"name":"wp","href":"https:\/\/api.w.org\/{rel}","templated":true}]}}